{"id":20240,"date":"2013-08-20T22:04:48","date_gmt":"2013-08-20T22:04:48","guid":{"rendered":"https:\/\/dnh.businesscare.hu\/about-us\/"},"modified":"2026-02-18T12:20:31","modified_gmt":"2026-02-18T11:20:31","slug":"uber-uns","status":"publish","type":"page","link":"https:\/\/dailynewshungary.com\/de\/uber-uns\/","title":{"rendered":"\u00dcber uns \u2013 Daily News Hungary"},"content":{"rendered":"\n<script>window.adsDoNotServeAds =true<\/script>\n\n\n\n<h2 class=\"wp-block-heading has-text-align-center\">\u00dcber uns \u2013 Daily News Hungary<\/h2>\n\n\n\n<p class=\"has-text-align-center\"><strong>Daily News Hungary<\/strong><br><em><strong>seit 2013<\/strong><\/em><\/p>\n\n\n\n<p>Mitbegr\u00fcnder von Daily News Hungary: <strong>M\u00e1rta Kat\u00f3 und Alp\u00e1r Kat\u00f3<\/strong><\/p>\n\n\n\n<p>Die Redaktion von Daily News Hungary hat es sich zum Ziel gesetzt, umfassende Informationen und aktuelle Nachrichten \u00fcber Ungarn f\u00fcr alle nicht ungarischsprachigen Bewohner des Landes sowie f\u00fcr Leserinnen und Leser weltweit bereitzustellen, die sich f\u00fcr unser Land interessieren. Unsere Website fungiert zugleich als Nachrichtenportal, das Meldungen ver\u00f6ffentlicht und sammelt. Ein weiteres wichtiges Anliegen ist es, unseren Besucherinnen und Besuchern das ungarische Lebensgef\u00fchl und die besondere Atmosph\u00e4re n\u00e4herzubringen, damit sie Einblicke in das Leben unseres Volkes erhalten.<\/p>\n\n\n\n<p>Wir vertrauen darauf, dass unsere Leserinnen und Leser zwischen den Zeilen lesen k\u00f6nnen und ihre eigene Meinung auf Grundlage ihrer politischen \u00dcberzeugungen bilden. Die ungarische Politik ist komplex, doch wir werden unser Bestes tun, um mit unseren Nachrichten ein besseres Verst\u00e4ndnis zu vermitteln. Auch unsere Wirtschafts- und Gesellschaftsberichte sollen einen Einblick in das Geschehen in Ungarn erm\u00f6glichen. In den Bereichen Kultur und Sport stellen wir zudem die Leistungen und Erfolge talentierter Ungarinnen und Ungarn vor.<\/p>\n\n\n\n<p>Warum tragen die Ungarn Mitte M\u00e4rz ein Band in den Nationalfarben? Welches ist das beliebteste ungarische Gew\u00fcrz? Was macht die ungarischen Osterbr\u00e4uche so besonders? Antworten auf diese und \u00e4hnliche Fragen finden Sie im Bereich \u201eHungarian Special\u201c. Da wir auch allgemeine Informationen \u00fcber die Ungarn vermitteln m\u00f6chten, teilen wir hier spannende Fakten \u00fcber unsere Nation. Vielleicht entdecken Sie dabei interessante Artikel, die Ihnen helfen, die ungarische Kultur und die Menschen in Ungarn besser zu verstehen.<\/p>\n\n\n\n<p>Wir sammeln die wichtigsten Nachrichten, ver\u00f6ffentlichen eigene Meinungen, Leserbriefe und weitere Beitr\u00e4ge, damit Besucherinnen und Besucher von Daily News Hungary alle relevanten Informationen \u00fcber Ungarn auf Englisch finden k\u00f6nnen.<\/p>\n\n\n\n<p>Wir w\u00fcnschen Ihnen eine angenehme Lekt\u00fcre und hoffen, dass unsere Website spannende und informative Einblicke bietet.<\/p>\n\n\n\n<p>Wenn Sie einen interessanten Artikel oder Informationen haben, senden Sie uns bitte eine E-Mail an: <strong><a><span \n                data-original-string='Y4iSWGocrEgkdI+NhD5UbQ==dd1Cp7ABuKK+khp4bW\/vIMrGTDU3F795PfeAIERd7bwSv0='\n                class='apbct-email-encoder'\n                title='This contact has been encoded by Anti-Spam by CleanTalk. Click to decode. To finish the decoding make sure that JavaScript is enabled in your browser.'>in<span class=\"apbct-blur\">**<\/span>@<span class=\"apbct-blur\">**************<\/span>ry.com<\/span><\/a><\/strong><\/p>\n\n\n\n<h2 class=\"wp-block-heading has-text-align-center\"><strong>Die Redaktion von Daily News Hungary<\/strong><\/h2>\n\n\n\n<p class=\"has-text-align-center\">Chefredakteur: <strong>\u00c1ron \u00c9bert<\/strong><\/p>\n\n\n\n<p><strong>Redaktion \/ Ehrenamtliche Mitarbeit:<\/strong><\/p>\n\n\n\n<ul class=\"wp-block-list\">\n<li>John Woods<\/li>\n\n\n\n<li>Eleonora Jobst<\/li>\n\n\n\n<li>Merc\u00e9desz Hetzmann<\/li>\n\n\n\n<li>Csaba Finta<\/li>\n\n\n\n<li>B\u00e1lint Csontos<\/li>\n\n\n\n<li>Tam\u00e1s Nagy<\/li>\n\n\n\n<li>Ildik\u00f3 Nemes<\/li>\n<\/ul>\n\n\n\n<p class=\"has-text-align-center\"><strong>Soziale Medien:<\/strong> Eleon\u00f3ra Jobst<\/p>\n\n\n\n<h2 class=\"wp-block-heading\">Werbung<\/h2>\n\n\n\n<p>Die <strong>DNH MEDIA GROUP Kft<\/strong> betreibt das Nachrichtenportal <a href=\"https:\/\/dailynewshungary.com?utm_source=chatgpt.com\">www.dailynewshungary.com<\/a>.<br>Adresse: II. J\u00e1nos P\u00e1l p\u00e1pa t\u00e9r 23., 2. Stock, T\u00fcr 66, 1081 Budapest, Ungarn.<br>Steuernummer (Ungarn): 32051634-2-42.<br>EU-USt-IdNr.: HU32051634<\/p>\n\n\n\n<p>Wir arbeiten ausschlie\u00dflich mit Unternehmen. Wer sich mit einem Gesch\u00e4ftsangebot an uns wendet, erkennt an, dass er entweder ein Unternehmen oder ein privater Gesch\u00e4ftsvertreter ist.<\/p>\n\n\n\n<p>F\u00fcr Informationen \u00fcber Werbem\u00f6glichkeiten bei <strong>Daily News Hungary<\/strong> kontaktieren Sie uns bitte unter: <strong><a><span \n                data-original-string='ZFjFCSJhbK7VAoMmMrArsg==dd16fC\/gzGrevnJ4+w2kipbYX++UBvibhIF+ITGZDCCywM='\n                class='apbct-email-encoder'\n                title='This contact has been encoded by Anti-Spam by CleanTalk. Click to decode. To finish the decoding make sure that JavaScript is enabled in your browser.'>in<span class=\"apbct-blur\">**<\/span>@<span class=\"apbct-blur\">**************<\/span>ry.com<\/span><\/a><\/strong><\/p>\n","protected":false},"excerpt":{"rendered":"<p>Daily News Hungary, Hungar&#8217;s leading English language news portal<\/p>\n","protected":false},"author":33,"featured_media":0,"parent":0,"menu_order":0,"comment_status":"open","ping_status":"open","template":"","meta":{"_acf_changed":false,"_display_image":"","footnotes":""},"class_list":["post-20240","page","type-page","status-publish","hentry"],"blocksy_meta":[],"acf":[],"_links":{"self":[{"href":"https:\/\/dailynewshungary.com\/de\/wp-json\/wp\/v2\/pages\/20240","targetHints":{"allow":["GET"]}}],"collection":[{"href":"https:\/\/dailynewshungary.com\/de\/wp-json\/wp\/v2\/pages"}],"about":[{"href":"https:\/\/dailynewshungary.com\/de\/wp-json\/wp\/v2\/types\/page"}],"author":[{"embeddable":true,"href":"https:\/\/dailynewshungary.com\/de\/wp-json\/wp\/v2\/users\/33"}],"replies":[{"embeddable":true,"href":"https:\/\/dailynewshungary.com\/de\/wp-json\/wp\/v2\/comments?post=20240"}],"version-history":[{"count":1,"href":"https:\/\/dailynewshungary.com\/de\/wp-json\/wp\/v2\/pages\/20240\/revisions"}],"predecessor-version":[{"id":784076,"href":"https:\/\/dailynewshungary.com\/de\/wp-json\/wp\/v2\/pages\/20240\/revisions\/784076"}],"wp:attachment":[{"href":"https:\/\/dailynewshungary.com\/de\/wp-json\/wp\/v2\/media?parent=20240"}],"curies":[{"name":"wp","href":"https:\/\/api.w.org\/{rel}","templated":true}]}}