{"id":20261,"date":"2022-08-21T18:06:35","date_gmt":"2022-08-21T18:06:35","guid":{"rendered":"https:\/\/dnh.businesscare.hu\/copyright-rules\/"},"modified":"2025-09-02T23:00:10","modified_gmt":"2025-09-02T21:00:10","slug":"urheberrechtsbestimmungen","status":"publish","type":"page","link":"https:\/\/dailynewshungary.com\/de\/urheberrechtsbestimmungen\/","title":{"rendered":"Urheberrechtsbestimmungen"},"content":{"rendered":"\n<p><strong>Mit dem Zugriff auf die Website <em><a href=\"https:\/\/dailynewshungary.com\/de\/\">dailynewshungary.com<\/a><\/em> erkl\u00e4ren Sie sich mit den folgenden Bedingungen einverstanden, auch wenn Sie kein registriertes Mitglied oder Abonnent der Seite sind.<\/strong><\/p>\n\n\n\n<h2 class=\"wp-block-heading\">Urheberrechtsbestimmungen<\/h2>\n\n\n\n<p>Der Inhalt des Nachrichtenportals <em>dailynewshungary.com<\/em> (im Folgenden \u201eWebsite\u201c) ist Eigentum der <strong>DNH MEDIA GROUP Kft.<\/strong> (Anschrift: II. J\u00e1nos P\u00e1l p\u00e1pa t\u00e9r 23., 2. Stock, T\u00fcr 66, Budapest, Ungarn, 1081; Steuernummer: 32051634-2-42) und stellt das geistige Eigentum der urspr\u00fcnglichen Urheber dar.<\/p>\n\n\n\n<p><strong><a href=\"https:\/\/dnhmediagroup.com\/\" target=\"_blank\" rel=\"noopener\">DNH MEDIA GROUP Kft.<\/a><\/strong> beh\u00e4lt sich alle Rechte hinsichtlich der Vervielf\u00e4ltigung, Reproduktion und Verbreitung jeglicher Inhalte vor. Die Inhalte dieser Website sind durch ungarisches und internationales Recht urheberrechtlich gesch\u00fctzt.<\/p>\n\n\n\n<p>Es ist untersagt, Teile oder Elemente der Website (einschlie\u00dflich Texte, Grafiken, Fotos, Audios, Videos, Datenstrukturen, Layouts, Methoden, Programme usw.) zu ver\u00e4ndern und\/oder zu verkaufen. Inhalte der Website d\u00fcrfen zwar auf der Festplatte eines Computers gespeichert oder f\u00fcr den pers\u00f6nlichen Gebrauch ausgedruckt werden, d\u00fcrfen jedoch auch in diesem Fall nicht weiterverwendet, verbreitet, in Datenbanken gespeichert, heruntergeladen oder kommerziell verwertet werden.<\/p>\n\n\n\n<p>Die Seiten von <strong>DNH MEDIA GROUP Kft.<\/strong>, einschlie\u00dflich der Werbeanzeigen, sind urheberrechtlich gesch\u00fctzt und d\u00fcrfen weder ganz noch teilweise ausgeschnitten und erneut ver\u00f6ffentlicht werden. Es ist au\u00dferdem verboten, den Inhalt der Website \u2013 auch in unver\u00e4nderter Form \u2013 ohne schriftliche Zustimmung des Herausgebers mit technischen Mitteln zu vervielf\u00e4ltigen.<\/p>\n\n\n\n<p>Jede unbefugte Nutzung wird straf- und zivilrechtlich verfolgt. <strong>DNH MEDIA GROUP Kft.<\/strong> kann die Unterlassung der Rechtsverletzung sowie Schadenersatz verlangen.<\/p>\n\n\n\n<p>Informationen d\u00fcrfen nur unter den folgenden Bedingungen unter Angabe der Quelle \u00fcbernommen werden:<br>a) Der urspr\u00fcngliche Inhalt darf nicht ver\u00e4ndert werden.<br>b) Bei jeder Ver\u00f6ffentlichung muss deutlich auf die Website verwiesen werden.<\/p>\n\n\n\n<p>Die Nachrichten- und Fotoinhalte von Agenturen, die auf unserer Website verwendet werden, sind gesetzlich gesch\u00fctzt und d\u00fcrfen \u2013 ob ver\u00e4ndert oder unver\u00e4ndert \u2013 nur f\u00fcr den pers\u00f6nlichen und nicht-kommerziellen Gebrauch genutzt werden. Eine Ver\u00f6ffentlichung, \u00dcbertragung, Verbreitung oder Speicherung \u2013 auch teilweise \u2013 auf einem Datentr\u00e4ger ist nicht gestattet.<\/p>\n\n\n\n<p><strong>DNH MEDIA GROUP Kft.<\/strong> ist stets bem\u00fcht, genaue und verl\u00e4ssliche Informationen bereitzustellen, \u00fcbernimmt jedoch keine Haftung f\u00fcr Sch\u00e4den, die durch die Nutzung dieser Informationen entstehen.<\/p>\n","protected":false},"excerpt":{"rendered":"<p>Urheberrechtsbestimmungen &#8211; dailynewshungary.com\/de<\/p>\n","protected":false},"author":33,"featured_media":423875,"parent":0,"menu_order":0,"comment_status":"open","ping_status":"open","template":"","meta":{"_acf_changed":false,"_display_image":"","footnotes":""},"class_list":["post-20261","page","type-page","status-publish","has-post-thumbnail","hentry"],"blocksy_meta":[],"acf":[],"_links":{"self":[{"href":"https:\/\/dailynewshungary.com\/de\/wp-json\/wp\/v2\/pages\/20261","targetHints":{"allow":["GET"]}}],"collection":[{"href":"https:\/\/dailynewshungary.com\/de\/wp-json\/wp\/v2\/pages"}],"about":[{"href":"https:\/\/dailynewshungary.com\/de\/wp-json\/wp\/v2\/types\/page"}],"author":[{"embeddable":true,"href":"https:\/\/dailynewshungary.com\/de\/wp-json\/wp\/v2\/users\/33"}],"replies":[{"embeddable":true,"href":"https:\/\/dailynewshungary.com\/de\/wp-json\/wp\/v2\/comments?post=20261"}],"version-history":[{"count":0,"href":"https:\/\/dailynewshungary.com\/de\/wp-json\/wp\/v2\/pages\/20261\/revisions"}],"wp:featuredmedia":[{"embeddable":true,"href":"https:\/\/dailynewshungary.com\/de\/wp-json\/wp\/v2\/media\/423875"}],"wp:attachment":[{"href":"https:\/\/dailynewshungary.com\/de\/wp-json\/wp\/v2\/media?parent=20261"}],"curies":[{"name":"wp","href":"https:\/\/api.w.org\/{rel}","templated":true}]}}