{"id":3,"date":"2024-05-13T13:14:20","date_gmt":"2024-05-13T13:14:20","guid":{"rendered":"https:\/\/dnh.businesscare.hu\/?page_id=3"},"modified":"2025-09-15T21:43:07","modified_gmt":"2025-09-15T19:43:07","slug":"datenschutzbestimmungen","status":"publish","type":"page","link":"https:\/\/dailynewshungary.com\/de\/datenschutzbestimmungen\/","title":{"rendered":"Datenschutzbestimmungen"},"content":{"rendered":"\n<p><strong>Datenschutzbestimmungen \/ Datenverarbeitung und Datenschutzerkl\u00e4rung<\/strong><\/p>\n\n\n\n<p>Die DNH MEDIA GROUP Kft. (Hauptsitz in II. J\u00e1nos P\u00e1l p\u00e1pa t\u00e9r 23., 2.emelet 66.ajt\u00f3, Budapest, 1081, Ungarn; vertreten durch Alp\u00e1r Kat\u00f3, Eigent\u00fcmer des Nachrichtenportals), Betreiber der Website <a href=\"https:\/\/www.dailynewshungary.com\/\">www.dailynewshungary.com<\/a>, ver\u00f6ffentlicht die folgende Datenschutzerkl\u00e4rung sowie die Datenverarbeitungsrichtlinie, deren Inhalt das Nachrichtenportal Daily News Hungary als Datenverarbeiter als verbindlich anerkennt.<\/p>\n\n\n\n<p><strong>Datenverarbeiter:<\/strong> DNH MEDIA GROUP Kft.<\/p>\n\n\n\n<p>Steuernummer: 32051634-2-42 (EU-Umsatzsteuer-Identifikationsnummer: HU32051634)<\/p>\n\n\n\n<p>Hauptsitz: II. J\u00e1nos P\u00e1l p\u00e1pa t\u00e9r 23., 2.emelet 66.ajt\u00f3, Budapest, 1081, Ungarn<\/p>\n\n\n\n<p>E-Mail: <a href=\"mailto:in**@**************ry.com\" data-original-string=\"htOBRW+mKrLxnmHj68PmNQ==dd1j9kBlYqriANcXOvYOFylBn6IrFnkFvUEoOnE+wa2E4U=\" title=\"This contact has been encoded by Anti-Spam by CleanTalk. Click to decode. To finish the decoding make sure that JavaScript is enabled in your browser.\"><span \n                data-original-string='P10LkWSjV\/wEeNzxHyD9GA==dd1yQvvstG3jL4cQD+Z7skhdEZSdRaLN4wbqPwivvr7DH4='\n                class='apbct-email-encoder'\n                title='This contact has been encoded by Anti-Spam by CleanTalk. Click to decode. To finish the decoding make sure that JavaScript is enabled in your browser.'>in<span class=\"apbct-blur\">**<\/span>@<span class=\"apbct-blur\">**************<\/span>ry.com<\/span><\/a><\/p>\n\n\n\n<p>Das Nachrichtenportal <a href=\"https:\/\/www.dailynewshungary.com\/\">www.dailynewshungary.com<\/a> wird von DNH MEDIA GROUP Kft. betrieben.<\/p>\n\n\n\n<h2 class=\"wp-block-heading\"><strong>Cookie-Richtlinie<\/strong><\/h2>\n\n\n\n<p><em>\u00dcber diese Cookie-Richtlinie<\/em><\/p>\n\n\n\n<p>Wie jede andere Website verwendet auch Daily News Hungary (im Folgenden als \u201eWebsite\u201d bezeichnet) Cookies, um Ihnen die Nutzung unserer Website angenehmer zu gestalten. Da wir es f\u00fcr \u00e4u\u00dferst wichtig halten, den Schutz Ihrer Daten zu gew\u00e4hrleisten, legen wir Ihnen in dieser Richtlinie genau dar, welche Art von Cookies wir zu welchem Zweck, unter welchen Bedingungen und bis wann verwenden.<\/p>\n\n\n\n<p><em>Was sind Cookies?<\/em><\/p>\n\n\n\n<p>Cookies sind kleine Textdateien, die vom Server an den Browser gesendet werden und bei jeder Anfrage an den Server zur\u00fcckgesendet werden. Cookies werden vom Webserver selbst mit Hilfe des Browsers auf dem Computer oder Mobilger\u00e4t des Benutzers erstellt und dort in einer separaten Bibliothek gespeichert. Auf diese Weise erm\u00f6glichen Cookies einer Website, den Benutzer wiederzuerkennen, wenn er sie bereits zuvor besucht hat.<\/p>\n\n\n\n<p><em>Arten von Cookies<\/em><\/p>\n\n\n\n<p>Wir k\u00f6nnen verschiedene Arten von Cookies auf unserer Website verwenden: Sitzungscookies (die beim Schlie\u00dfen Ihres Browsers gel\u00f6scht werden) oder dauerhafte Cookies (die vom Benutzer gel\u00f6scht werden m\u00fcssen).<\/p>\n\n\n\n<p>Die verwendeten Arten von Cookies:<\/p>\n\n\n\n<ol class=\"wp-block-list\">\n<li>Technisch notwendige Cookies<\/li>\n<\/ol>\n\n\n\n<p>Ohne diese Cookies k\u00f6nnten unsere Websites nicht funktionieren, daher m\u00fcssen wir sie speichern. Es handelt sich um folgende Cookies:<\/p>\n\n\n\n<ul class=\"wp-block-list\">\n<li>Benutzereingabe-Cookies<\/li>\n<\/ul>\n\n\n\n<p>Dies sind die Sitzungscookies, die wir verwenden, um die Daten des Benutzers w\u00e4hrend der Kommunikation mit dem Dienstanbieter zu sichern. Sie basieren auf einer Sitzungsidentifikation (einer zuf\u00e4lligen tempor\u00e4ren Identifikationsnummer), die sp\u00e4testens bis zum Ende einer Sitzung (beim Schlie\u00dfen des Browsers) g\u00fcltig ist.<\/p>\n\n\n\n<p>Diese Cookies stehen in Verbindung mit einer der Aktivit\u00e4ten des Benutzers (z. B. dem Klicken auf eine bestimmte Schaltfl\u00e4che oder dem Ausf\u00fcllen eines Formulars) und sind eindeutig notwendig, um den vom Benutzer ausdr\u00fccklich angeforderten Internetdienst bereitzustellen.<\/p>\n\n\n\n<ul class=\"wp-block-list\">\n<li>Authentifizierungs-Cookies<\/li>\n<\/ul>\n\n\n\n<p>Authentifizierungs-Cookies werden verwendet, um den Benutzer bei der Anmeldung zu identifizieren. Diese Cookies sind erforderlich, damit sich Benutzer w\u00e4hrend ihrer Besuche auf der Website identifizieren und Zugriff auf autorisierte Inhalte erhalten k\u00f6nnen, z. B. um ihren Kontostand oder ihre Transaktionen zu \u00fcberpr\u00fcfen usw. Authentifizierungs-Cookies sind in der Regel Sitzungscookies. Es k\u00f6nnen auch dauerhafte Cookies verwendet werden, diese sind jedoch nicht mit Sitzungscookies gleichzusetzen, wie wir im Folgenden erl\u00e4utern werden. Wenn sich ein Nutzer anmeldet, fordert er ausdr\u00fccklich den Zugriff auf die Inhalte oder Dienste, zu denen er berechtigt ist. Ohne das im Cookie gespeicherte Authentifizierungstoken m\u00fcssten Nutzer auf jeder Website, auf die sie zugreifen m\u00f6chten, ihren Benutzernamen und ihr Passwort eingeben. Der Authentifizierungsdienst ist also ein wesentlicher Bestandteil des Dienstes der Informationsgesellschaft, auf den sie ausdr\u00fccklich zugreifen wollten. Wir verwenden die Authentifizierung nicht f\u00fcr andere sekund\u00e4re Zwecke, wie die \u00dcberwachung des Verhaltens oder Werbung ohne Zustimmung.<\/p>\n\n\n\n<ul class=\"wp-block-list\">\n<li>Benutzerorientierte Sicherheits-Cookies<\/li>\n<\/ul>\n\n\n\n<p>Diese Cookies wurden entwickelt, um die Aufgaben zu st\u00e4rken, die die vom Benutzer ausdr\u00fccklich angeforderten Dienste sichern. Ein Beispiel hierf\u00fcr sind Cookies, die verwendet werden, um die Gr\u00fcnde f\u00fcr wiederholte Fehlversuche bei der Anmeldung auf der Website zu untersuchen, oder andere \u00e4hnliche Mechanismen, die dazu dienen, Missbr\u00e4uche des Anmeldesystems zu verhindern. W\u00e4hrend Anmelde-Cookies in der Regel so eingerichtet sind, dass sie am Ende einer Sitzung (beim Schlie\u00dfen des Browsers) gel\u00f6scht werden, laufen Sicherheits-Cookies in der Regel l\u00e4nger, damit sie ihren Sicherheitszweck erf\u00fcllen k\u00f6nnen.<\/p>\n\n\n\n<ul class=\"wp-block-list\">\n<li>Multimedia-Player-Sitzungscookies<\/li>\n<\/ul>\n\n\n\n<p>Multimedia-Player-Sitzungscookies werden verwendet, um technische Daten zu speichern, die f\u00fcr die Wiedergabe von Audio- und Videoinhalten erforderlich sind, wie z. B. Bildqualit\u00e4t, Geschwindigkeit der Netzwerkverbindung und Pufferungsparameter. Diese Cookies werden am Ende einer Sitzung (beim Schlie\u00dfen des Browsers).<\/p>\n\n\n\n<ul class=\"wp-block-list\">\n<li>Sitzungscookies f\u00fcr Lastenausgleich<\/li>\n<\/ul>\n\n\n\n<p>Der Lastenausgleich erm\u00f6glicht es, dass viele Computer statt nur einem einzigen die Anfragen an den Webserver bearbeiten. Dieser Typ muss bis zum Ende der Sitzung verwaltet werden; der einzige Zweck der in den Cookies eingebetteten Informationen besteht darin, den Endpunkt der Kommunikation auf der Serverseite (einer der Server aus dem Computerbestand) zu identifizieren.<\/p>\n\n\n\n<ul class=\"wp-block-list\">\n<li>Cookies zur Anpassung der Benutzeroberfl\u00e4che<\/li>\n<\/ul>\n\n\n\n<p>Cookies zur Anpassung der Benutzeroberfl\u00e4che werden verwendet, um von Website zu Website Benutzereinstellungen zu speichern, die nicht mit anderen permanenten Identifikatoren wie Benutzernamen in Verbindung stehen (z. B. Cookies in Bezug auf die Spracheinstellung oder das Format der Suchergebnisse).<\/p>\n\n\n\n<ul class=\"wp-block-list\">\n<li>Cookies zum Teilen von Inhalten in sozialen Netzwerken<\/li>\n<\/ul>\n\n\n\n<p>Diese erm\u00f6glichen es Nutzern sozialer Medien, Inhalte, die ihnen gefallen, mit Freunden zu teilen. Diese Cookies werden gel\u00f6scht, wenn sich der Nutzer von der Plattform des sozialen Netzwerks abmeldet oder den Browser schlie\u00dft.<\/p>\n\n\n\n<ol class=\"wp-block-list\">\n<li>Cookies, die f\u00fcr Komfortdienste erforderlich sind<\/li>\n<\/ol>\n\n\n\n<p>Diese Arten von Cookies k\u00f6nnen nicht als \u201eunbedingt notwendig\u201d f\u00fcr die Bereitstellung der vom Benutzer ausdr\u00fccklich angeforderten Dienste angesehen werden, sodass f\u00fcr ihre Verwendung eine zus\u00e4tzliche Genehmigung erforderlich ist.<\/p>\n\n\n\n<ul class=\"wp-block-list\">\n<li>Cookies zur Verfolgung des Teilens sozialer Inhalte<\/li>\n<\/ul>\n\n\n\n<p>Solange Benutzer sozialer Netzwerke sich beim Einloggen daf\u00fcr entschieden haben, \u201ezu folgen\u201d, beispielsweise indem sie dem Erscheinen verhaltensbasierter Werbung zugestimmt haben.<\/p>\n\n\n\n<ul class=\"wp-block-list\">\n<li>Externe Werbung<\/li>\n<\/ul>\n\n\n\n<p>Hier geh\u00f6ren extern betriebene Cookies hin, die f\u00fcr Werbezwecke verwendet werden, darunter Cookies f\u00fcr Frequenzoptimierung, Finanzpr\u00fcfung, Werbeangebote, Aufdeckung von Klickbetrug, Forschung, Marktanalyse, Produktverbesserung und Fehlerbehebung.<\/p>\n\n\n\n<ul class=\"wp-block-list\">\n<li>Unsere eigene Besucheranalyse<\/li>\n<\/ul>\n\n\n\n<p>Besucheranalysen sind statistische Tools zur Erfassung der Besucherzahlen auf der Website, die Cookies verwenden. Diese Tools werden verwendet, um die Anzahl der einzelnen Besucher zu sch\u00e4tzen, die Schl\u00fcsselw\u00f6rter aus Suchmaschinen zu identifizieren, die zu dieser bestimmten Website f\u00fchren, und bestimmte Probleme im Zusammenhang mit der Webnavigation zu verfolgen. Sie sind nur f\u00fcr unsere eigenen aggregierten Statistiken n\u00fctzlich, damit unsere Websites die Bed\u00fcrfnisse der Benutzer schneller und pr\u00e4ziser erf\u00fcllen k\u00f6nnen.<\/p>\n\n\n\n<p><em>Liste der Cookies:<\/em><\/p>\n\n\n\n<p>Name des Cookies Eigent\u00fcmer Verf\u00fcgbarkeit Typ Beschreibung<\/p>\n\n\n\n<p>has_js Daily News Hungary Technisch notwendig Bis zum Ende einer Sitzung Enth\u00e4lt Informationen dar\u00fcber, ob der Browser des Benutzers js-Skripte ausf\u00fchren kann<\/p>\n\n\n\n<p>cookie-agreed Daily News Hungary 3 Monate Technisch notwendig Speichert, ob der Benutzer Cookies zugestimmt hat<\/p>\n\n\n\n<p>blocksy_current_theme Daily News Hungary 1 Tag Technisch notwendig Speichert eine Funktion zur Verbesserung der Benutzererfahrung (Dark Mode)<\/p>\n\n\n\n<p>PHPSESSID Daily News Hungary Bis zum Ende einer Sitzung Technisch notwendig Notwendig f\u00fcr den Betrieb der Website; sorgt f\u00fcr die Kommunikation zwischen der Website und dem Server<\/p>\n\n\n\n<p>_gacid Google Von einem Drittanbieter definiert Cookies, die f\u00fcr Funktionen eines Drittanbieters erforderlich sind, Besucheranalyse<\/p>\n\n\n\n<p>_ga Google Von einem Drittanbieter definiert Cookies, die f\u00fcr die Funktionen eines Drittanbieters erforderlich sind, Besucheranalyse<\/p>\n\n\n\n<p>__gfp_64b Gemius Von einem Drittanbieter definiert Cookies, die f\u00fcr die Funktionen eines Drittanbieters erforderlich sind, Besucheranalyse<\/p>\n\n\n\n<p><strong>Datenverarbeitung und Cookies<\/strong><\/p>\n\n\n\n<p>Auf unserer Website k\u00f6nnen wir technisch notwendige Cookies und Cookies zur Besucheranalyse auf Ihrem Ger\u00e4t platzieren, das Sie zum Surfen verwenden. Durch das Surfen auf unserer Website stimmen Sie grunds\u00e4tzlich der Platzierung dieser Cookies zu. Diese Cookies werden auf Ihrem eigenen Ger\u00e4t, das Sie zum Surfen verwenden, platziert, sodass es ganz Ihnen \u00fcberlassen bleibt, wie Sie damit umgehen m\u00f6chten. Sie haben die M\u00f6glichkeit, sie zu l\u00f6schen oder zu deaktivieren oder so einzustellen, dass ihre Platzierung blockiert wird. Anleitungen zur Einrichtung finden Sie unter den folgenden Links:<\/p>\n\n\n\n<p><a href=\"https:\/\/support.google.com\/chrome\/answer\/95647?hl=hu\" target=\"_blank\" rel=\"noopener\">Chrome-Browser<\/a><\/p>\n\n\n\n<p><a href=\"https:\/\/support.mozilla.org\/hu\/kb\/sutik-informacio-amelyet-weboldalak-tarolnak-szami\" target=\"_blank\" rel=\"noopener\">Firefox-Browser<\/a><\/p>\n\n\n\n<p><a href=\"https:\/\/support.microsoft.com\/hu-hu\/help\/278835\/how-to-delete-cookie-files-in-internet-explorer\" target=\"_blank\" rel=\"noopener\">Internet Explorer-Browser<\/a><\/p>\n\n\n\n<p><a href=\"https:\/\/support.apple.com\/hu-hu\/guide\/safari\/sfri11471\/mac\" target=\"_blank\" rel=\"noopener\">Safari-Browser<\/a><\/p>\n\n\n\n<p><a href=\"https:\/\/support.microsoft.com\/hu-hu\/help\/4027947\/windows-delete-cookies\" target=\"_blank\" rel=\"noopener\">Microsoft Edge-Browser<\/a><\/p>\n\n\n\n<p>Mit Hilfe der auf Ihrem Ger\u00e4t platzierten Cookies k\u00f6nnen folgende Daten automatisch gespeichert werden: das Start- und Enddatum Ihres Besuchs, Ihre IP-Adresse und in einigen F\u00e4llen \u2013 je nach Einstellung Ihres Ger\u00e4ts \u2013 der Typ und die Sprache des Browsers und des Betriebssystems, die Parameter Ihres Ger\u00e4ts, die von Ihnen auf unserer Website gew\u00e4hlten Einstellungen, die besuchten Unterseiten und die dort verbrachte Zeit. Der Betreiber verbindet diese Daten nicht mit personenbezogenen Daten und kann dies auch nicht tun. Die Weitergabe dieser Daten liegt in Ihrer Entscheidung, indem Sie uns Ihre ausdr\u00fcckliche Genehmigung erteilen oder die Einstellungen in Ihrem Browser entsprechend vornehmen.<\/p>\n\n\n\n<p>Durch die Verwendung von Cookies generiert das System automatisch statistische Daten \u00fcber die Dauer des Besuchs und die besuchten Websites, damit die Dienste der Website vom Betreiber verbessert, optimiert und weiter an die Bed\u00fcrfnisse der Nutzer angepasst werden k\u00f6nnen. Der Betreiber kann Cookies auch verwenden, um Ihnen bei Ihrem n\u00e4chsten Besuch Inhalte anzubieten, die Ihren fr\u00fcheren Aktivit\u00e4ten entsprechen, und die entsprechenden Einstellungen automatisch zu laden, wodurch die Nutzung der Website komfortabler wird.<\/p>\n\n\n\n<p><strong>So blockieren und\/oder entfernen Sie Cookies<\/strong><\/p>\n\n\n\n<p>Sie k\u00f6nnen Ihren Browser so einstellen, dass er alle Cookies akzeptiert oder blockiert oder dass er Sie benachrichtigt, wenn Cookies auf Ihrem Ger\u00e4t ankommen. M\u00f6gliche Optionen finden Sie in der Regel im Men\u00fc \u201eOptionen\u201d oder \u201eEinstellungen\u201d des Browsers. Verschiedene Browser verwenden unterschiedliche Methoden, um Cookies zu entfernen oder zu deaktivieren. Um die richtigen Einstellungen zu finden, verwenden Sie bitte das \u201eHilfe\u201d-Men\u00fc Ihres Browsers.<\/p>\n\n\n\n<p>Es ist zu beachten, dass Sie die Website auch nach dem Blockieren von Cookies nutzen k\u00f6nnen, obwohl einige Teile oder Funktionen der Website ohne Cookies m\u00f6glicherweise nicht einwandfrei funktionieren.<\/p>\n\n\n\n<p><strong>Dauer der Datenverarbeitung<\/strong><\/p>\n\n\n\n<p>Sitzungscookies werden automatisch gel\u00f6scht, sobald Sie die Website verlassen. Die Dauer der Cookies variiert hingegen, aber sie sind meist so lange auf Ihrem Ger\u00e4t aktiv, bis Sie sie entfernen.<\/p>\n\n\n\n<p>Der Betreiber \u00fcbernimmt keine Verantwortung, wenn zuvor besuchte Websites gel\u00f6scht wurden, aber dank Internetbrowsern archiviert wurden. Das Entfernen dieser Cookies liegt in der Verantwortung des Browser-Betreibers.<\/p>\n\n\n\n<p><strong>Weitere wichtige Hinweise<\/strong><\/p>\n\n\n\n<p>Wenn Sie die Einstellungen der mit der Website verbundenen Cookies \u00e4ndern oder l\u00f6schen m\u00f6chten, k\u00f6nnen Sie dies in den Einstellungen des Browsers tun, den Sie zum Besuch der Website verwendet haben, da die Cookies auf Ihrem Ger\u00e4t gespeichert sind und nicht dem Betreiber der Website geh\u00f6ren. Weitere Informationen hierzu finden Sie im Hilfemen\u00fc Ihres Browsers. Dort k\u00f6nnen Sie auch die bisherigen Cookie-Einstellungen \u00e4ndern und m\u00f6glicherweise die Cookies l\u00f6schen, die zuvor vom Betreiber auf Ihrem Ger\u00e4t f\u00fcr das Surfen platziert wurden.<\/p>\n\n\n\n<p><strong>M\u00f6glichkeiten zur Rechtsdurchsetzung<\/strong><\/p>\n\n\n\n<p>Wenn Sie Fragen zu dieser Cookie-Richtlinie haben, wenden Sie sich bitte unter Verwendung der auf der Website angegebenen Informationen an den Betreiber.<\/p>\n\n\n\n<p>Wenn Sie der Meinung sind, dass der Betreiber Ihr Recht auf Schutz Ihrer personenbezogenen Daten verletzt hat, k\u00f6nnen Sie dies vor einem Zivilgericht geltend machen oder die ungarische nationale Beh\u00f6rde f\u00fcr Datenschutz und Informationsfreiheit um Hilfe bitten.<\/p>\n\n\n\n<p>Ihre Meldung an die ungarische nationale Beh\u00f6rde f\u00fcr Datenschutz und Informationsfreiheit kann eine Untersuchung einleiten, wenn Ihre Rechte bei der Verarbeitung Ihrer personenbezogenen Daten verletzt wurden oder verletzt werden k\u00f6nnten.<\/p>\n\n\n\n<p>Ungarische nationale Beh\u00f6rde f\u00fcr Datenschutz und Informationsfreiheit<\/p>\n\n\n\n<p>Hauptsitz: 22\/C Erzs\u00e9bet Szil\u00e1gyi Stra\u00dfe, Budapest, 1125, Ungarn<\/p>\n\n\n\n<p>Website: <a href=\"http:\/\/www.naih.hu\/\" target=\"_blank\" rel=\"noopener\">www.naih.hu<\/a><\/p>\n\n\n\n<p>Sie k\u00f6nnen den Datenverarbeiter vor Gericht bringen, wenn Ihre Rechte verletzt werden oder wenn Ihr Einspruch abgelehnt wird. Das Gericht behandelt den Fall vorrangig; f\u00fcr die Beurteilung der Klage ist die zust\u00e4ndige Gerichtsbarkeit verantwortlich.<\/p>\n\n\n\n<p>Klicken Sie hier f\u00fcr die ungarische Version der Datenschutzerkl\u00e4rung<\/p>\n","protected":false},"excerpt":{"rendered":"<p>Datenschutzbestimmungen \/ Datenverarbeitung und Datenschutzerkl\u00e4rung Die DNH MEDIA GROUP Kft. (Hauptsitz in II. J\u00e1nos P\u00e1l p\u00e1pa t\u00e9r 23., 2.emelet 66.ajt\u00f3, Budapest, 1081, Ungarn; vertreten durch Alp\u00e1r Kat\u00f3, Eigent\u00fcmer des Nachrichtenportals), Betreiber der Website www.dailynewshungary.com, ver\u00f6ffentlicht die folgende Datenschutzerkl\u00e4rung sowie die Datenverarbeitungsrichtlinie, deren Inhalt das Nachrichtenportal Daily News Hungary als Datenverarbeiter als verbindlich anerkennt. Datenverarbeiter: DNH [&hellip;]<\/p>\n","protected":false},"author":33,"featured_media":0,"parent":0,"menu_order":0,"comment_status":"closed","ping_status":"open","template":"","meta":{"_acf_changed":false,"_display_image":"","footnotes":""},"class_list":["post-3","page","type-page","status-publish","hentry"],"blocksy_meta":[],"acf":[],"_links":{"self":[{"href":"https:\/\/dailynewshungary.com\/de\/wp-json\/wp\/v2\/pages\/3","targetHints":{"allow":["GET"]}}],"collection":[{"href":"https:\/\/dailynewshungary.com\/de\/wp-json\/wp\/v2\/pages"}],"about":[{"href":"https:\/\/dailynewshungary.com\/de\/wp-json\/wp\/v2\/types\/page"}],"author":[{"embeddable":true,"href":"https:\/\/dailynewshungary.com\/de\/wp-json\/wp\/v2\/users\/33"}],"replies":[{"embeddable":true,"href":"https:\/\/dailynewshungary.com\/de\/wp-json\/wp\/v2\/comments?post=3"}],"version-history":[{"count":0,"href":"https:\/\/dailynewshungary.com\/de\/wp-json\/wp\/v2\/pages\/3\/revisions"}],"wp:attachment":[{"href":"https:\/\/dailynewshungary.com\/de\/wp-json\/wp\/v2\/media?parent=3"}],"curies":[{"name":"wp","href":"https:\/\/api.w.org\/{rel}","templated":true}]}}